{"id":240,"date":"2016-11-07T14:58:16","date_gmt":"2016-11-07T13:58:16","guid":{"rendered":"http:\/\/amigoscolombianos.studio2server.nl\/?page_id=240"},"modified":"2018-09-23T15:15:54","modified_gmt":"2018-09-23T13:15:54","slug":"een-helpende-hand","status":"publish","type":"page","link":"https:\/\/amigoscolombianos.nl\/es\/ons-werk\/lopende-projecten\/een-helpende-hand\/","title":{"rendered":"Una mano amiga"},"content":{"rendered":"<p>[et_pb_section bb_built=\u00bb1&#8243; admin_label=\u00bbsection\u00bb transparent_background=\u00bboff\u00bb allow_player_pause=\u00bboff\u00bb inner_shadow=\u00bboff\u00bb parallax=\u00bboff\u00bb parallax_method=\u00bboff\u00bb padding_mobile=\u00bboff\u00bb make_fullwidth=\u00bboff\u00bb use_custom_width=\u00bboff\u00bb width_unit=\u00bbon\u00bb make_equal=\u00bboff\u00bb use_custom_gutter=\u00bboff\u00bb module_id=\u00bbprojecten\u00bb custom_padding_tablet=\u00bb50px|0|50px|0&#8243; custom_padding_last_edited=\u00bbon|desktop\u00bb next_background_color=\u00bb#ec7d30&#8243; _builder_version=\u00bb3.13.1&#8243;][et_pb_row admin_label=\u00bbrow\u00bb make_fullwidth=\u00bboff\u00bb use_custom_width=\u00bbon\u00bb width_unit=\u00bbon\u00bb use_custom_gutter=\u00bboff\u00bb padding_mobile=\u00bboff\u00bb allow_player_pause=\u00bboff\u00bb parallax=\u00bboff\u00bb parallax_method=\u00bboff\u00bb make_equal=\u00bboff\u00bb parallax_1=\u00bboff\u00bb parallax_method_1=\u00bboff\u00bb column_padding_mobile=\u00bbon\u00bb custom_width_px=\u00bb800px\u00bb background_position=\u00bbtop_left\u00bb background_repeat=\u00bbrepeat\u00bb background_size=\u00bbinitial\u00bb][et_pb_column type=\u00bb4_4&#8243;][et_pb_post_title title=\u00bbon\u00bb meta=\u00bboff\u00bb author=\u00bbon\u00bb date=\u00bbon\u00bb categories=\u00bbon\u00bb comments=\u00bbon\u00bb featured_image=\u00bboff\u00bb featured_placement=\u00bbbelow\u00bb parallax_effect=\u00bbon\u00bb parallax_method=\u00bboff\u00bb text_orientation=\u00bbcenter\u00bb text_color=\u00bbdark\u00bb text_background=\u00bboff\u00bb text_bg_color=\u00bbrgba(255,255,255,0.9)\u00bb title_all_caps=\u00bboff\u00bb use_border_color=\u00bboff\u00bb border_color=\u00bb#ffffff\u00bb border_style=\u00bbsolid\u00bb title_font=\u00bbSpecial Elite||||\u00bb title_font_size=\u00bb35px\u00bb module_bg_color=\u00bbrgba(255,255,255,0)\u00bb background_color=\u00bbrgba(255,255,255,0)\u00bb parallax=\u00bbon\u00bb _builder_version=\u00bb3.13.1&#8243; \/][et_pb_text text_orientation=\u00bbcenter\u00bb text_font=\u00bb|on|||\u00bb text_font_size=\u00bb16&#8243; border_style=\u00bbsolid\u00bb module_alignment=\u00bbcenter\u00bb background_position=\u00bbtop_left\u00bb background_repeat=\u00bbrepeat\u00bb background_size=\u00bbinitial\u00bb _builder_version=\u00bb3.13.1&#8243;]<\/p>\n<p>Despu\u00e9s de un programa, las j\u00f3venes a\u00fan no son capaces de construirse un futuro decente, mientras que la calidad de la atenci\u00f3n posterior en Medell\u00edn es insuficiente. Por lo tanto habr\u00e1 mucho peligro de reca\u00edda. Con\u00bb una mano amiga\u00bb, ofrecemos un soporte\u00a0 multofac\u00e9tico tanto para las mujeres j\u00f3venes como para las autoridades responsables.<\/p>\n<p>[\/et_pb_text][\/et_pb_column][\/et_pb_row][\/et_pb_section][et_pb_section bb_built=\u00bb1&#8243; fullwidth=\u00bboff\u00bb specialty=\u00bboff\u00bb transparent_background=\u00bboff\u00bb allow_player_pause=\u00bboff\u00bb inner_shadow=\u00bboff\u00bb parallax=\u00bboff\u00bb parallax_method=\u00bboff\u00bb padding_mobile=\u00bboff\u00bb make_fullwidth=\u00bboff\u00bb use_custom_width=\u00bboff\u00bb width_unit=\u00bbon\u00bb make_equal=\u00bboff\u00bb use_custom_gutter=\u00bboff\u00bb module_class=\u00bbdemo-subscribe-section\u00bb background_color=\u00bb#ec7d30&#8243; custom_padding_tablet=\u00bb50px|0|50px|0&#8243; custom_padding_last_edited=\u00bbon|desktop\u00bb prev_background_color=\u00bb#ffffff\u00bb next_background_color=\u00bb#ffffff\u00bb][et_pb_row background_position=\u00bbtop_left\u00bb background_repeat=\u00bbrepeat\u00bb background_size=\u00bbinitial\u00bb][et_pb_column type=\u00bb4_4&#8243;][et_pb_signup mailchimp_list=\u00bbDivi Builder MailChimp|d295b2ac2b\u00bb aweber_list=\u00bb|none\u00bb background_color=\u00bb#ec7d30&#8243; use_border_color=\u00bboff\u00bb body_font_size=\u00bb18&#8243; header_font_size=\u00bb18&#8243; body_font=\u00bbSpecial Elite||||\u00bb _builder_version=\u00bb3.13.1&#8243; button_text=\u00bbSuscr\u00edbete\u00bb activecampaign_list=\u00bb|none\u00bb campaign_monitor_list=\u00bb|none\u00bb constant_contact_list=\u00bb|none\u00bb convertkit_list=\u00bb|none\u00bb emma_list=\u00bb|none\u00bb feedblitz_list=\u00bb|none\u00bb getresponse_list=\u00bb|none\u00bb hubspot_list=\u00bb|none\u00bb icontact_list=\u00bb|none\u00bb infusionsoft_list=\u00bb|none\u00bb madmimi_list=\u00bb|none\u00bb mailerlite_list=\u00bb|none\u00bb mailpoet_list=\u00bb|none\u00bb mailster_list=\u00bb|none\u00bb ontraport_list=\u00bb|none\u00bb salesforce_list=\u00bb|none\u00bb sendinblue_list=\u00bb|none\u00bb description=\u00bb&lt;p&gt;Suscr\u00edbete a nuestro bolet\u00edn&lt;\/p&gt;\u00bb \/][\/et_pb_column][\/et_pb_row][\/et_pb_section][et_pb_section bb_built=\u00bb1&#8243; fullwidth=\u00bboff\u00bb specialty=\u00bboff\u00bb prev_background_color=\u00bb#ec7d30&#8243;][et_pb_row background_position=\u00bbtop_left\u00bb background_repeat=\u00bbrepeat\u00bb background_size=\u00bbinitial\u00bb _builder_version=\u00bb3.0.89&#8243; use_custom_width=\u00bbon\u00bb custom_width_px=\u00bb800px\u00bb][et_pb_column type=\u00bb1_2&#8243;][et_pb_text module_alignment=\u00bbleft\u00bb background_position=\u00bbtop_left\u00bb background_repeat=\u00bbrepeat\u00bb background_size=\u00bbinitial\u00bb _builder_version=\u00bb3.13.1&#8243;]<\/p>\n<p>Con este apoyo ambulatorio ayudamos a las mujeres con los pasos de seguimiento despu\u00e9s de su ayuda. Mientras tanto, desarrollamos metodolog\u00edas exitosas y, sobre esta base, elaboramos directrices para todos los institutos en Medell\u00edn que trabajan con j\u00f3venes vulnerables y su reintegraci\u00f3n.<\/p>\n<p>Para poder participar en Una Mano Amiga se aplica una selecci\u00f3n estricta, que incluye la detecci\u00f3n de la motivaci\u00f3n. IQ o nivel de aprendizaje no son criterios. A menudo, las madres (si todav\u00eda est\u00e1n\u00a0 presentes) son\u00a0 tambi\u00e9n involucradas para participar en el programa del desarrollo de su hija. El programa no se basa en la protecci\u00f3n, sino en el refuerzo o el\u00a0<a href=\"https:\/\/www.ensie.nl\/amnesty-international\/empowerment\" target=\"_blank\" rel=\"noopener\">empoderamiento<\/a>.<\/p>\n<p>[\/et_pb_text][\/et_pb_column][et_pb_column type=\u00bb1_2&#8243;][et_pb_image src=\u00bb\/wp-content\/uploads\/2017\/11\/helpendehand.png\u00bb show_in_lightbox=\u00bboff\u00bb url_new_window=\u00bboff\u00bb use_overlay=\u00bboff\u00bb animation=\u00bboff\u00bb sticky=\u00bboff\u00bb align=\u00bbcenter\u00bb force_fullwidth=\u00bboff\u00bb always_center_on_mobile=\u00bbon\u00bb use_border_color=\u00bboff\u00bb border_color=\u00bb#ffffff\u00bb border_style=\u00bbsolid\u00bb show_bottom_space=\u00bbon\u00bb _builder_version=\u00bb3.0.89&#8243; border_color_all=\u00bb#ffffff\u00bb border_style_all=\u00bbsolid\u00bb animation_direction=\u00bboff\u00bb \/][\/et_pb_column][\/et_pb_row][et_pb_row admin_label=\u00bbrow\u00bb background_position=\u00bbtop_left\u00bb background_repeat=\u00bbrepeat\u00bb background_size=\u00bbinitial\u00bb][et_pb_column type=\u00bb4_4&#8243;][et_pb_text admin_label=\u00bblijn\u00bb background_layout=\u00bblight\u00bb text_orientation=\u00bbleft\u00bb use_border_color=\u00bboff\u00bb border_color=\u00bb#ffffff\u00bb border_style=\u00bbsolid\u00bb module_alignment=\u00bbleft\u00bb background_position=\u00bbtop_left\u00bb background_repeat=\u00bbrepeat\u00bb background_size=\u00bbinitial\u00bb]<\/p>\n<hr class=\"pagina-lijn\" \/>\n<p>[\/et_pb_text][\/et_pb_column][\/et_pb_row][et_pb_row background_position=\u00bbtop_left\u00bb background_repeat=\u00bbrepeat\u00bb background_size=\u00bbinitial\u00bb _builder_version=\u00bb3.0.89&#8243; use_custom_width=\u00bbon\u00bb custom_width_px=\u00bb800px\u00bb][et_pb_column type=\u00bb1_2&#8243;][et_pb_image src=\u00bb\/wp-content\/uploads\/2017\/11\/helpendehand2.png\u00bb show_in_lightbox=\u00bboff\u00bb url_new_window=\u00bboff\u00bb use_overlay=\u00bboff\u00bb animation=\u00bboff\u00bb sticky=\u00bboff\u00bb align=\u00bbcenter\u00bb force_fullwidth=\u00bboff\u00bb always_center_on_mobile=\u00bbon\u00bb use_border_color=\u00bboff\u00bb border_color=\u00bb#ffffff\u00bb border_style=\u00bbsolid\u00bb show_bottom_space=\u00bbon\u00bb _builder_version=\u00bb3.0.89&#8243; border_color_all=\u00bb#ffffff\u00bb max_width=\u00bb80%\u00bb module_alignment=\u00bbcenter\u00bb \/][\/et_pb_column][et_pb_column type=\u00bb1_2&#8243;][et_pb_text module_alignment=\u00bbleft\u00bb background_position=\u00bbtop_left\u00bb background_repeat=\u00bbrepeat\u00bb background_size=\u00bbinitial\u00bb _builder_version=\u00bb3.13.1&#8243;]<\/p>\n<p>El apoyo se enfoca en \u00e1reas como identidad, salud, familia, educaci\u00f3n y trabajo. Cada ni\u00f1a recibe un plan de acci\u00f3n personal. Se abandona el programa si se logra la estabilidad deseada en t\u00e9rminos de vivienda e ingresos. La tasa de \u00e9xito de este programa es superior al 80 por ciento y ha demostrado tener una fuerza sin precedentes.<\/p>\n<p>[\/et_pb_text][\/et_pb_column][\/et_pb_row][\/et_pb_section]<\/p>","protected":false},"excerpt":{"rendered":"<p>Despu\u00e9s de un programa, las j\u00f3venes a\u00fan no son capaces de construirse un futuro decente, mientras que la calidad de la atenci\u00f3n posterior en Medell\u00edn es insuficiente. Por lo tanto habr\u00e1 mucho peligro de reca\u00edda. Con\u00bb una mano amiga\u00bb, ofrecemos un soporte\u00a0 multofac\u00e9tico tanto para las mujeres j\u00f3venes como para las autoridades responsables. Con este [&hellip;]<\/p>\n","protected":false},"author":1,"featured_media":0,"parent":599,"menu_order":0,"comment_status":"closed","ping_status":"closed","template":"","meta":{"_et_pb_use_builder":"on","_et_pb_old_content":"","_et_gb_content_width":"","jetpack_post_was_ever_published":false,"footnotes":""},"class_list":["post-240","page","type-page","status-publish","hentry"],"jetpack_sharing_enabled":true,"jetpack_shortlink":"https:\/\/wp.me\/P9LLEe-3S","_links":{"self":[{"href":"https:\/\/amigoscolombianos.nl\/es\/wp-json\/wp\/v2\/pages\/240","targetHints":{"allow":["GET"]}}],"collection":[{"href":"https:\/\/amigoscolombianos.nl\/es\/wp-json\/wp\/v2\/pages"}],"about":[{"href":"https:\/\/amigoscolombianos.nl\/es\/wp-json\/wp\/v2\/types\/page"}],"author":[{"embeddable":true,"href":"https:\/\/amigoscolombianos.nl\/es\/wp-json\/wp\/v2\/users\/1"}],"replies":[{"embeddable":true,"href":"https:\/\/amigoscolombianos.nl\/es\/wp-json\/wp\/v2\/comments?post=240"}],"version-history":[{"count":26,"href":"https:\/\/amigoscolombianos.nl\/es\/wp-json\/wp\/v2\/pages\/240\/revisions"}],"predecessor-version":[{"id":2310,"href":"https:\/\/amigoscolombianos.nl\/es\/wp-json\/wp\/v2\/pages\/240\/revisions\/2310"}],"up":[{"embeddable":true,"href":"https:\/\/amigoscolombianos.nl\/es\/wp-json\/wp\/v2\/pages\/599"}],"wp:attachment":[{"href":"https:\/\/amigoscolombianos.nl\/es\/wp-json\/wp\/v2\/media?parent=240"}],"curies":[{"name":"wp","href":"https:\/\/api.w.org\/{rel}","templated":true}]}}