{"id":53,"date":"2016-11-05T11:36:12","date_gmt":"2016-11-05T10:36:12","guid":{"rendered":"http:\/\/amigoscolombianos.studio2server.nl\/?page_id=53"},"modified":"2019-06-05T09:22:45","modified_gmt":"2019-06-05T07:22:45","slug":"ons-verhaal","status":"publish","type":"page","link":"https:\/\/amigoscolombianos.nl\/es\/ons-verhaal\/","title":{"rendered":"NUESTRA HISTORIA"},"content":{"rendered":"<p>[et_pb_section bb_built=\u00bb1&#8243; admin_label=\u00bbsection\u00bb transparent_background=\u00bboff\u00bb allow_player_pause=\u00bboff\u00bb inner_shadow=\u00bboff\u00bb parallax=\u00bboff\u00bb parallax_method=\u00bboff\u00bb padding_mobile=\u00bboff\u00bb make_fullwidth=\u00bboff\u00bb use_custom_width=\u00bboff\u00bb width_unit=\u00bbon\u00bb make_equal=\u00bboff\u00bb use_custom_gutter=\u00bboff\u00bb custom_padding_tablet=\u00bb50px|0|50px|0&#8243; custom_padding_last_edited=\u00bbon|desktop\u00bb prev_background_color=\u00bb#000000&#8243; next_background_color=\u00bb#000000&#8243;][et_pb_row admin_label=\u00bbrow\u00bb make_fullwidth=\u00bboff\u00bb use_custom_width=\u00bbon\u00bb width_unit=\u00bbon\u00bb use_custom_gutter=\u00bboff\u00bb padding_mobile=\u00bboff\u00bb allow_player_pause=\u00bboff\u00bb parallax=\u00bboff\u00bb parallax_method=\u00bboff\u00bb make_equal=\u00bboff\u00bb parallax_1=\u00bboff\u00bb parallax_method_1=\u00bboff\u00bb column_padding_mobile=\u00bbon\u00bb custom_width_px=\u00bb800px\u00bb background_position=\u00bbtop_left\u00bb background_repeat=\u00bbrepeat\u00bb background_size=\u00bbinitial\u00bb][et_pb_column type=\u00bb4_4&#8243;][et_pb_post_title title=\u00bbon\u00bb meta=\u00bboff\u00bb author=\u00bbon\u00bb date=\u00bbon\u00bb categories=\u00bbon\u00bb comments=\u00bbon\u00bb featured_image=\u00bboff\u00bb featured_placement=\u00bbbelow\u00bb parallax_effect=\u00bbon\u00bb parallax_method=\u00bbon\u00bb text_orientation=\u00bbcenter\u00bb text_color=\u00bbdark\u00bb text_background=\u00bboff\u00bb text_bg_color=\u00bbrgba(255,255,255,0.9)\u00bb title_all_caps=\u00bboff\u00bb use_border_color=\u00bboff\u00bb border_color=\u00bb#ffffff\u00bb border_style=\u00bbsolid\u00bb title_font=\u00bbSpecial Elite||||\u00bb title_font_size=\u00bb35px\u00bb module_bg_color=\u00bbrgba(255,255,255,0)\u00bb background_color=\u00bbrgba(255,255,255,0)\u00bb parallax=\u00bbon\u00bb _builder_version=\u00bb3.13.1&#8243; \/][et_pb_text text_orientation=\u00bbcenter\u00bb text_font=\u00bb|on|||\u00bb text_font_size=\u00bb16&#8243; border_style=\u00bbsolid\u00bb module_alignment=\u00bbcenter\u00bb background_position=\u00bbtop_left\u00bb background_repeat=\u00bbrepeat\u00bb background_size=\u00bbinitial\u00bb _builder_version=\u00bb3.13.1&#8243;]<\/p>\n<p>Un futuro digno no es evidente para todos. Aquellos que han tenido esta feliz suerte tienen una responsabilidad para con su pr\u00f3jimo menos afortunado. A partir de esta filosof\u00eda, se fund\u00f3 Amigos Colombianos. Con nuestros programas de ayuda a la juventud ayudamos a fomentar las oportunidades de las j\u00f3venes vulnerables en el camino correcto, incluida una buena reintegraci\u00f3n y cuidado posterior. Hacemos que este m\u00e9todo efectivo est\u00e9 disponible para todos los programas de ayuda a la juventud en Medell\u00edn. Los resultados son reconfortantes.<\/p>\n<p>.<\/p>\n<p>[\/et_pb_text][\/et_pb_column][\/et_pb_row][et_pb_row make_fullwidth=\u00bboff\u00bb use_custom_width=\u00bboff\u00bb width_unit=\u00bbon\u00bb use_custom_gutter=\u00bboff\u00bb padding_mobile=\u00bboff\u00bb allow_player_pause=\u00bboff\u00bb parallax=\u00bboff\u00bb parallax_method=\u00bboff\u00bb make_equal=\u00bboff\u00bb parallax_1=\u00bboff\u00bb parallax_method_1=\u00bboff\u00bb column_padding_mobile=\u00bbon\u00bb background_position=\u00bbtop_left\u00bb background_repeat=\u00bbrepeat\u00bb background_size=\u00bbinitial\u00bb][et_pb_column type=\u00bb4_4&#8243;][et_pb_text admin_label=\u00bblijn\u00bb background_layout=\u00bblight\u00bb text_orientation=\u00bbleft\u00bb use_border_color=\u00bboff\u00bb border_color=\u00bb#ffffff\u00bb border_style=\u00bbsolid\u00bb module_alignment=\u00bbleft\u00bb background_position=\u00bbtop_left\u00bb background_repeat=\u00bbrepeat\u00bb background_size=\u00bbinitial\u00bb]<\/p>\n<hr class=\"pagina-lijn\" \/>\n<p>[\/et_pb_text][\/et_pb_column][\/et_pb_row][et_pb_row make_fullwidth=\u00bboff\u00bb use_custom_width=\u00bbon\u00bb width_unit=\u00bbon\u00bb use_custom_gutter=\u00bboff\u00bb padding_mobile=\u00bboff\u00bb allow_player_pause=\u00bboff\u00bb parallax=\u00bboff\u00bb parallax_method=\u00bboff\u00bb make_equal=\u00bboff\u00bb parallax_1=\u00bboff\u00bb parallax_method_1=\u00bboff\u00bb parallax_2=\u00bboff\u00bb parallax_method_2=\u00bboff\u00bb column_padding_mobile=\u00bbon\u00bb custom_width_px=\u00bb800px\u00bb background_position=\u00bbtop_left\u00bb background_repeat=\u00bbrepeat\u00bb background_size=\u00bbinitial\u00bb][et_pb_column type=\u00bb1_2&#8243;][et_pb_text admin_label=\u00bbheader historie\u00bb use_border_color=\u00bboff\u00bb header_font=\u00bbSpecial Elite||||\u00bb module_alignment=\u00bbleft\u00bb background_position=\u00bbtop_left\u00bb background_repeat=\u00bbrepeat\u00bb background_size=\u00bbinitial\u00bb _builder_version=\u00bb3.13.1&#8243;]<\/p>\n<h1>Historia<\/h1>\n<p>[\/et_pb_text][et_pb_text module_alignment=\u00bbleft\u00bb background_position=\u00bbtop_left\u00bb background_repeat=\u00bbrepeat\u00bb background_size=\u00bbinitial\u00bb _builder_version=\u00bb3.13.1&#8243;]<\/p>\n<p>Trabajo con j\u00f3venes, una b\u00fasqueda de padres en Colombia, un beneficio inesperado de 10.000 florines y una gran cantidad de injusticia. Estos ingredientes principales llevaron a Frank van Rijn a fundar amigos colombianos en 2003. Pero no fue f\u00e1cil.<\/p>\n<p><a href=\"\/ons-verhaal\/historie\/\">Leer m\u00e1s&#8230;<\/a><\/p>\n<p>[\/et_pb_text][\/et_pb_column][et_pb_column type=\u00bb1_2&#8243;][et_pb_image src=\u00bb\/wp-content\/uploads\/2017\/11\/onsverhaal-historie.png\u00bb show_in_lightbox=\u00bboff\u00bb url_new_window=\u00bboff\u00bb use_overlay=\u00bboff\u00bb animation=\u00bbright\u00bb sticky=\u00bboff\u00bb align=\u00bbleft\u00bb force_fullwidth=\u00bboff\u00bb always_center_on_mobile=\u00bbon\u00bb use_border_color=\u00bboff\u00bb border_color=\u00bb#ffffff\u00bb border_style=\u00bbsolid\u00bb animation_direction=\u00bbright\u00bb animation_style=\u00bbslide\u00bb animation_duration=\u00bb500ms\u00bb animation_intensity_slide=\u00bb10%\u00bb show_bottom_space=\u00bbon\u00bb _builder_version=\u00bb3.0.89&#8243; border_color_all=\u00bb#ffffff\u00bb border_style_all=\u00bbsolid\u00bb \/][\/et_pb_column][\/et_pb_row][et_pb_row background_position=\u00bbtop_left\u00bb background_repeat=\u00bbrepeat\u00bb background_size=\u00bbinitial\u00bb][et_pb_column type=\u00bb4_4&#8243;][et_pb_text admin_label=\u00bblijn\u00bb background_layout=\u00bblight\u00bb text_orientation=\u00bbleft\u00bb use_border_color=\u00bboff\u00bb border_color=\u00bb#ffffff\u00bb border_style=\u00bbsolid\u00bb module_alignment=\u00bbleft\u00bb background_position=\u00bbtop_left\u00bb background_repeat=\u00bbrepeat\u00bb background_size=\u00bbinitial\u00bb]<\/p>\n<hr class=\"pagina-lijn\" \/>\n<p>[\/et_pb_text][\/et_pb_column][\/et_pb_row][et_pb_row use_custom_width=\u00bbon\u00bb custom_width_px=\u00bb800px\u00bb padding_mobile=\u00bboff\u00bb parallax_method=\u00bboff\u00bb parallax_method_1=\u00bboff\u00bb parallax_method_2=\u00bboff\u00bb column_padding_mobile=\u00bbon\u00bb background_position=\u00bbtop_left\u00bb background_repeat=\u00bbrepeat\u00bb background_size=\u00bbinitial\u00bb _builder_version=\u00bb3.0.77&#8243; module_id=\u00bbmissie\u00bb][et_pb_column type=\u00bb1_2&#8243;][et_pb_image src=\u00bb\/wp-content\/uploads\/2017\/11\/onsverhaal-missie.png\u00bb show_in_lightbox=\u00bboff\u00bb url_new_window=\u00bboff\u00bb use_overlay=\u00bboff\u00bb animation=\u00bbleft\u00bb sticky=\u00bboff\u00bb align=\u00bbleft\u00bb force_fullwidth=\u00bboff\u00bb always_center_on_mobile=\u00bbon\u00bb use_border_color=\u00bboff\u00bb border_color=\u00bb#ffffff\u00bb border_style=\u00bbsolid\u00bb animation_direction=\u00bbleft\u00bb animation_style=\u00bbslide\u00bb animation_duration=\u00bb500ms\u00bb animation_intensity_slide=\u00bb10%\u00bb show_bottom_space=\u00bbon\u00bb _builder_version=\u00bb3.0.89&#8243; border_color_all=\u00bb#ffffff\u00bb border_style_all=\u00bbsolid\u00bb \/][\/et_pb_column][et_pb_column type=\u00bb1_2&#8243;][et_pb_text admin_label=\u00bbheader missie\u00bb use_border_color=\u00bboff\u00bb header_font=\u00bbSpecial Elite||||\u00bb module_alignment=\u00bbleft\u00bb background_position=\u00bbtop_left\u00bb background_repeat=\u00bbrepeat\u00bb background_size=\u00bbinitial\u00bb _builder_version=\u00bb3.13.1&#8243;]<\/p>\n<h1>Misi\u00f3n<\/h1>\n<p>[\/et_pb_text][et_pb_text module_alignment=\u00bbleft\u00bb background_position=\u00bbtop_left\u00bb background_repeat=\u00bbrepeat\u00bb background_size=\u00bbinitial\u00bb _builder_version=\u00bb3.13.1&#8243;]<\/p>\n<p>Ofrecer a las j\u00f3venes desfavorecidas apoyo temporal pero integral para que puedan construir una vida independiente para ellas mismas.<\/p>\n<p>[\/et_pb_text][\/et_pb_column][\/et_pb_row][et_pb_row background_position=\u00bbtop_left\u00bb background_repeat=\u00bbrepeat\u00bb background_size=\u00bbinitial\u00bb][et_pb_column type=\u00bb4_4&#8243;][et_pb_text admin_label=\u00bblijn\u00bb background_layout=\u00bblight\u00bb text_orientation=\u00bbleft\u00bb use_border_color=\u00bboff\u00bb border_color=\u00bb#ffffff\u00bb border_style=\u00bbsolid\u00bb module_alignment=\u00bbleft\u00bb background_position=\u00bbtop_left\u00bb background_repeat=\u00bbrepeat\u00bb background_size=\u00bbinitial\u00bb]<\/p>\n<hr class=\"pagina-lijn\" \/>\n<p>[\/et_pb_text][\/et_pb_column][\/et_pb_row][et_pb_row make_fullwidth=\u00bboff\u00bb use_custom_width=\u00bbon\u00bb width_unit=\u00bbon\u00bb custom_width_px=\u00bb800px\u00bb use_custom_gutter=\u00bboff\u00bb padding_mobile=\u00bboff\u00bb allow_player_pause=\u00bboff\u00bb parallax=\u00bboff\u00bb parallax_method=\u00bboff\u00bb make_equal=\u00bboff\u00bb parallax_1=\u00bboff\u00bb parallax_method_1=\u00bboff\u00bb parallax_2=\u00bboff\u00bb parallax_method_2=\u00bboff\u00bb column_padding_mobile=\u00bbon\u00bb background_position=\u00bbtop_left\u00bb background_repeat=\u00bbrepeat\u00bb background_size=\u00bbinitial\u00bb][et_pb_column type=\u00bb1_2&#8243;][et_pb_text admin_label=\u00bbstrijkstok\u00bb header_font=\u00bbSpecial Elite||||\u00bb module_alignment=\u00bbleft\u00bb background_position=\u00bbtop_left\u00bb background_repeat=\u00bbrepeat\u00bb background_size=\u00bbinitial\u00bb _builder_version=\u00bb3.13.1&#8243;]<\/p>\n<h1>0% Misappropriation<\/h1>\n<p>[\/et_pb_text][et_pb_text module_alignment=\u00bbleft\u00bb background_position=\u00bbtop_left\u00bb background_repeat=\u00bbrepeat\u00bb background_size=\u00bbinitial\u00bb _builder_version=\u00bb3.13.1&#8243;]<\/p>\n<p>Amigos Colombianos es 100% administrado por voluntarios. A ninguno de nosotros se le paga un salario, y mucho menos un extraordinario bono anual. Cada euro que usted dona a Amigos Colombianos se dedica exclusivamente a ayudar a estas mujeres j\u00f3venes.<\/p>\n<p><a href=\"\/0-strijkstok\/\">Leer m\u00e1s&#8230;<\/a><\/p>\n<p>[\/et_pb_text][\/et_pb_column][et_pb_column type=\u00bb1_2&#8243;][et_pb_image src=\u00bb\/wp-content\/uploads\/2017\/11\/historie_strijkstok.png\u00bb show_in_lightbox=\u00bboff\u00bb url_new_window=\u00bboff\u00bb use_overlay=\u00bboff\u00bb animation=\u00bbright\u00bb sticky=\u00bboff\u00bb align=\u00bbleft\u00bb force_fullwidth=\u00bboff\u00bb always_center_on_mobile=\u00bbon\u00bb use_border_color=\u00bboff\u00bb border_color=\u00bb#ffffff\u00bb border_style=\u00bbsolid\u00bb animation_direction=\u00bbright\u00bb animation_style=\u00bbslide\u00bb animation_duration=\u00bb500ms\u00bb animation_intensity_slide=\u00bb10%\u00bb show_bottom_space=\u00bbon\u00bb _builder_version=\u00bb3.0.89&#8243; border_color_all=\u00bb#ffffff\u00bb border_style_all=\u00bbsolid\u00bb \/][\/et_pb_column][\/et_pb_row][et_pb_row background_position=\u00bbtop_left\u00bb background_repeat=\u00bbrepeat\u00bb background_size=\u00bbinitial\u00bb][et_pb_column type=\u00bb4_4&#8243;][et_pb_text admin_label=\u00bblijn\u00bb background_layout=\u00bblight\u00bb text_orientation=\u00bbleft\u00bb use_border_color=\u00bboff\u00bb border_color=\u00bb#ffffff\u00bb border_style=\u00bbsolid\u00bb module_alignment=\u00bbleft\u00bb background_position=\u00bbtop_left\u00bb background_repeat=\u00bbrepeat\u00bb background_size=\u00bbinitial\u00bb]<\/p>\n<hr class=\"pagina-lijn\" \/>\n<p>[\/et_pb_text][\/et_pb_column][\/et_pb_row][et_pb_row make_fullwidth=\u00bboff\u00bb use_custom_width=\u00bbon\u00bb width_unit=\u00bbon\u00bb custom_width_px=\u00bb800px\u00bb use_custom_gutter=\u00bboff\u00bb padding_mobile=\u00bboff\u00bb allow_player_pause=\u00bboff\u00bb parallax=\u00bboff\u00bb parallax_method=\u00bboff\u00bb make_equal=\u00bboff\u00bb parallax_1=\u00bboff\u00bb parallax_method_1=\u00bboff\u00bb parallax_2=\u00bboff\u00bb parallax_method_2=\u00bboff\u00bb column_padding_mobile=\u00bbon\u00bb background_position=\u00bbtop_left\u00bb background_repeat=\u00bbrepeat\u00bb background_size=\u00bbinitial\u00bb][et_pb_column type=\u00bb1_2&#8243;][et_pb_image src=\u00bb\/wp-content\/uploads\/2016\/11\/14657498_1195791333801179_325164569029021038_n.jpg\u00bb show_in_lightbox=\u00bboff\u00bb url_new_window=\u00bboff\u00bb use_overlay=\u00bboff\u00bb animation=\u00bbright\u00bb sticky=\u00bboff\u00bb align=\u00bbleft\u00bb force_fullwidth=\u00bboff\u00bb always_center_on_mobile=\u00bbon\u00bb use_border_color=\u00bboff\u00bb border_color=\u00bb#ffffff\u00bb border_style=\u00bbsolid\u00bb animation_direction=\u00bbright\u00bb animation_style=\u00bbslide\u00bb animation_duration=\u00bb500ms\u00bb animation_intensity_slide=\u00bb10%\u00bb show_bottom_space=\u00bbon\u00bb _builder_version=\u00bb3.0.89&#8243; border_color_all=\u00bb#ffffff\u00bb border_style_all=\u00bbsolid\u00bb \/][\/et_pb_column][et_pb_column type=\u00bb1_2&#8243;][et_pb_text admin_label=\u00bbhelder ons team\u00bb use_border_color=\u00bboff\u00bb header_font=\u00bbSpecial Elite||||\u00bb module_alignment=\u00bbleft\u00bb background_position=\u00bbtop_left\u00bb background_repeat=\u00bbrepeat\u00bb background_size=\u00bbinitial\u00bb _builder_version=\u00bb3.13.1&#8243;]<\/p>\n<h1>Nuestro equipo<\/h1>\n<p>[\/et_pb_text][et_pb_text module_alignment=\u00bbleft\u00bb background_position=\u00bbtop_left\u00bb background_repeat=\u00bbrepeat\u00bb background_size=\u00bbinitial\u00bb _builder_version=\u00bb3.13.1&#8243;]<\/p>\n<p>Nuestro equipo consiste completamente de voluntarios. Gracias a su dedicaci\u00f3n y entusiasmo, el presupuesto de Amigos Colombianos est\u00e1 totalmente invertido en nuestros programas. 100% voluntarios, 0% reverencia, gracias a estas\u00a0<a href=\"\/ons-verhaal\/ons-team\/\">personas fant\u00e1sticas<\/a><\/p>\n<p>[\/et_pb_text][\/et_pb_column][\/et_pb_row][\/et_pb_section]<\/p>","protected":false},"excerpt":{"rendered":"<p>Un futuro digno no es evidente para todos. Aquellos que han tenido esta feliz suerte tienen una responsabilidad para con su pr\u00f3jimo menos afortunado. A partir de esta filosof\u00eda, se fund\u00f3 Amigos Colombianos. Con nuestros programas de ayuda a la juventud ayudamos a fomentar las oportunidades de las j\u00f3venes vulnerables en el camino correcto, incluida [&hellip;]<\/p>\n","protected":false},"author":1,"featured_media":0,"parent":0,"menu_order":0,"comment_status":"closed","ping_status":"closed","template":"","meta":{"_et_pb_use_builder":"on","_et_pb_old_content":"","_et_gb_content_width":"","jetpack_post_was_ever_published":false,"footnotes":""},"class_list":["post-53","page","type-page","status-publish","hentry"],"jetpack_sharing_enabled":true,"jetpack_shortlink":"https:\/\/wp.me\/P9LLEe-R","_links":{"self":[{"href":"https:\/\/amigoscolombianos.nl\/es\/wp-json\/wp\/v2\/pages\/53","targetHints":{"allow":["GET"]}}],"collection":[{"href":"https:\/\/amigoscolombianos.nl\/es\/wp-json\/wp\/v2\/pages"}],"about":[{"href":"https:\/\/amigoscolombianos.nl\/es\/wp-json\/wp\/v2\/types\/page"}],"author":[{"embeddable":true,"href":"https:\/\/amigoscolombianos.nl\/es\/wp-json\/wp\/v2\/users\/1"}],"replies":[{"embeddable":true,"href":"https:\/\/amigoscolombianos.nl\/es\/wp-json\/wp\/v2\/comments?post=53"}],"version-history":[{"count":188,"href":"https:\/\/amigoscolombianos.nl\/es\/wp-json\/wp\/v2\/pages\/53\/revisions"}],"predecessor-version":[{"id":2358,"href":"https:\/\/amigoscolombianos.nl\/es\/wp-json\/wp\/v2\/pages\/53\/revisions\/2358"}],"wp:attachment":[{"href":"https:\/\/amigoscolombianos.nl\/es\/wp-json\/wp\/v2\/media?parent=53"}],"curies":[{"name":"wp","href":"https:\/\/api.w.org\/{rel}","templated":true}]}}