{"id":723,"date":"2017-01-17T22:00:16","date_gmt":"2017-01-17T21:00:16","guid":{"rendered":"http:\/\/amigoscolombianos.studio2server.nl\/?page_id=723"},"modified":"2019-11-19T16:05:22","modified_gmt":"2019-11-19T15:05:22","slug":"doneren","status":"publish","type":"page","link":"https:\/\/amigoscolombianos.nl\/es\/steun-ons\/doneren\/","title":{"rendered":"Donar"},"content":{"rendered":"<p>[et_pb_section bb_built=\u00bb1&#8243; admin_label=\u00bbsection\u00bb transparent_background=\u00bboff\u00bb allow_player_pause=\u00bboff\u00bb inner_shadow=\u00bboff\u00bb parallax=\u00bboff\u00bb parallax_method=\u00bboff\u00bb padding_mobile=\u00bboff\u00bb make_fullwidth=\u00bboff\u00bb use_custom_width=\u00bboff\u00bb width_unit=\u00bbon\u00bb make_equal=\u00bboff\u00bb use_custom_gutter=\u00bboff\u00bb module_id=\u00bbprojecten\u00bb custom_padding_tablet=\u00bb50px|0|50px|0&#8243; custom_padding_last_edited=\u00bbon|desktop\u00bb prev_background_color=\u00bb#000000&#8243; next_background_color=\u00bb#ffffff\u00bb][et_pb_row admin_label=\u00bbrow\u00bb make_fullwidth=\u00bboff\u00bb use_custom_width=\u00bbon\u00bb width_unit=\u00bbon\u00bb use_custom_gutter=\u00bboff\u00bb padding_mobile=\u00bboff\u00bb allow_player_pause=\u00bboff\u00bb parallax=\u00bboff\u00bb parallax_method=\u00bboff\u00bb make_equal=\u00bboff\u00bb parallax_1=\u00bboff\u00bb parallax_method_1=\u00bboff\u00bb column_padding_mobile=\u00bbon\u00bb custom_width_px=\u00bb800px\u00bb background_position=\u00bbtop_left\u00bb background_repeat=\u00bbrepeat\u00bb background_size=\u00bbinitial\u00bb][et_pb_column type=\u00bb4_4&#8243;][et_pb_post_title title=\u00bbon\u00bb meta=\u00bboff\u00bb author=\u00bbon\u00bb date=\u00bbon\u00bb categories=\u00bbon\u00bb comments=\u00bbon\u00bb featured_image=\u00bboff\u00bb featured_placement=\u00bbbelow\u00bb parallax_effect=\u00bbon\u00bb parallax_method=\u00bboff\u00bb text_orientation=\u00bbcenter\u00bb text_color=\u00bbdark\u00bb text_background=\u00bboff\u00bb text_bg_color=\u00bbrgba(255,255,255,0.9)\u00bb title_all_caps=\u00bboff\u00bb use_border_color=\u00bboff\u00bb border_color=\u00bb#ffffff\u00bb border_style=\u00bbsolid\u00bb title_font=\u00bbSpecial Elite||||\u00bb title_font_size=\u00bb35px\u00bb module_bg_color=\u00bbrgba(255,255,255,0)\u00bb background_color=\u00bbrgba(255,255,255,0)\u00bb parallax=\u00bbon\u00bb \/][et_pb_text text_orientation=\u00bbcenter\u00bb text_font=\u00bb|on|||\u00bb text_font_size=\u00bb16&#8243; use_border_color=\u00bboff\u00bb border_color=\u00bb#ffffff\u00bb border_style=\u00bbsolid\u00bb module_alignment=\u00bbcenter\u00bb background_position=\u00bbtop_left\u00bb background_repeat=\u00bbrepeat\u00bb background_size=\u00bbinitial\u00bb _builder_version=\u00bb3.13.1&#8243; border_color_all=\u00bb#ffffff\u00bb]<\/p>\n<p>\u00a1Tu apoyo es vital!<\/p>\n<p>Alexandra (13) hab\u00eda vivido en las calles durante nueve meses cuando la polic\u00eda la cogi\u00f3 durante el uso de coca\u00edna. Mar\u00eda (15) fue primero maltratada por su familia y luego en las calles por sus \u00abamigos\u00bb. Gracias a una trayectoria de Amigos Colombianos,\u00a0 tienen nuevamente una visi\u00f3n alentadora de su futuro..De esta manera ya hemos ayudado a m\u00e1s de 400 ni\u00f1as. Pero nuestra presencia sigue siendo extremadamente importante. \u00a1Y por consiguiente Su apoyo tambi\u00e9n!<\/p>\n<p>[\/et_pb_text][\/et_pb_column][\/et_pb_row][\/et_pb_section][et_pb_section bb_built=\u00bb1&#8243; fullwidth=\u00bbon\u00bb specialty=\u00bboff\u00bb transparent_background=\u00bboff\u00bb allow_player_pause=\u00bboff\u00bb inner_shadow=\u00bboff\u00bb parallax=\u00bboff\u00bb parallax_method=\u00bboff\u00bb padding_mobile=\u00bboff\u00bb make_fullwidth=\u00bboff\u00bb use_custom_width=\u00bboff\u00bb width_unit=\u00bbon\u00bb make_equal=\u00bboff\u00bb use_custom_gutter=\u00bboff\u00bb custom_padding_tablet=\u00bb50px|0|50px|0&#8243; custom_padding_last_edited=\u00bbon|desktop\u00bb prev_background_color=\u00bb#ffffff\u00bb next_background_color=\u00bb#ffffff\u00bb][et_pb_fullwidth_menu menu_id=\u00bb17&#8243; background_color=\u00bb#919191&#8243; background_layout=\u00bbdark\u00bb text_orientation=\u00bbcenter\u00bb submenu_direction=\u00bbdownwards\u00bb fullwidth_menu=\u00bboff\u00bb dropdown_menu_animation=\u00bbfade\u00bb menu_font=\u00bbSpecial Elite||||\u00bb menu_font_size=\u00bb20px\u00bb mobile_menu_text_color=\u00bb#666666&#8243; \/][\/et_pb_section][et_pb_section bb_built=\u00bb1&#8243; fullwidth=\u00bboff\u00bb specialty=\u00bboff\u00bb prev_background_color=\u00bb#000000&#8243; next_background_color=\u00bb#ec7d30&#8243;][et_pb_row background_position=\u00bbtop_left\u00bb background_repeat=\u00bbrepeat\u00bb background_size=\u00bbinitial\u00bb _builder_version=\u00bb3.0.89&#8243; disabled=\u00bboff\u00bb disabled_on=\u00bboff|on|off\u00bb][et_pb_column type=\u00bb1_2&#8243;][et_pb_text _builder_version=\u00bb3.13.1&#8243; custom_margin=\u00bb||30px|\u00bb]<\/p>\n<p>El soporte es bienvenido en todas sus formas. Ofrecemos ayuda psicol\u00f3gica, trayectos de aprendizaje y trabajo, planes de desarrollo personal &#8230; Pero Colombia no cuenta con grandes \u00abfrascos\u00bbde atenci\u00f3n ni subsidios, y menos a\u00fan con \u00abmochilas\u00bb (de apoyo).<\/p>\n<p>Como empresa, puede donar con beneficios fiscales. Como persona f\u00edsica, puede hacer una donaci\u00f3n \u00fanica o peri\u00f3dicamente. Junto con una asociaci\u00f3n deportiva, escuela o empresa, puede organizar campa\u00f1as de recolecci\u00f3n &#8230;<\/p>\n<p>Como empresa, puede donar con beneficios fiscales. Como persona f\u00edsica, puede hacer una donaci\u00f3n \u00fanica o peri\u00f3dicamente. Junto con una asociaci\u00f3n deportiva, escuela o empresa, puede organizar campa\u00f1as de recolecci\u00f3n &#8230;<br \/>\n<em><br \/>\nAyude a luchar contra el destino injusto de las chicas de la calle.<\/em><br \/>\n\u00a1Done directamente o <a href=\"mailto:info@amigoscolombianos.nl\" target=\"_blank\" rel=\"noopener noreferrer\">env\u00ede por correo electr\u00f3nicoail<\/a> para m\u00e1s informaci\u00f3n o ideas!<\/p>\n<p>[\/et_pb_text][et_pb_image src=\u00bb\/wp-content\/uploads\/2016\/11\/MG_4275.jpg\u00bb show_in_lightbox=\u00bboff\u00bb url_new_window=\u00bboff\u00bb use_overlay=\u00bboff\u00bb align=\u00bbcenter\u00bb force_fullwidth=\u00bboff\u00bb always_center_on_mobile=\u00bbon\u00bb use_border_color=\u00bboff\u00bb title_text=\u00bbCasa de Egros\u00bb show_bottom_space=\u00bbon\u00bb _builder_version=\u00bb3.0.106&#8243; \/][\/et_pb_column][et_pb_column type=\u00bb1_2&#8243;][et_pb_text background_layout=\u00bblight\u00bb text_orientation=\u00bbleft\u00bb use_border_color=\u00bboff\u00bb border_color=\u00bb#ffffff\u00bb border_style=\u00bbsolid\u00bb module_alignment=\u00bbleft\u00bb background_position=\u00bbtop_left\u00bb background_repeat=\u00bbrepeat\u00bb background_size=\u00bbinitial\u00bb _builder_version=\u00bb3.13.1&#8243; border_color_all=\u00bb#ffffff\u00bb border_style_all=\u00bbsolid\u00bb]<\/p>\n\t\t\t\t\t<script src=\"https:\/\/www.google.com\/recaptcha\/api.js?render=6Ld8uAAkAAAAAEe-35HXN8Y5cDRFtv71qVp0Dfyb\"><\/script>\n\t\t\t\t\t<script>\n\t\t\t\t\t\tfunction onSubmitDmm(e) {\n\t\t\t\t\t\t\te.preventDefault();\n\t\t\t\t\t\t\tgrecaptcha.ready(function() {\n\t\t\t\t\t\t\t\tgrecaptcha.execute(\"6Ld8uAAkAAAAAEe-35HXN8Y5cDRFtv71qVp0Dfyb\", {action: \"submit\"}).then(function(token) {\n\t\t\t\t\t\t\t\t\tdocument.getElementById(\"dmm_token\").value = token;\n\t\t\t\t\t\t\t\t\tdocument.getElementById(\"dmm_form\").submit();\n\t\t\t\t\t\t\t\t});\n\t\t\t\t\t\t\t});\n\t\t\t\t\t\t}\n\t\t\t\t\t<\/script>\n\t\t\t\t\t                <form id=\"dmm_form\" action=\"\/es\/wp-json\/wp\/v2\/pages\/723\"\n                      class=\"donform\" method=\"post\">\n                    \n                                            <p>\n                            <select id=\"dmm_interval\"\n                                    name=\"dmm_recurring_interval\"\n                                    style=\"width: 100%\"\n                                    class=\"doneren\"\n                                    onchange=\"dmm_recurring_methods(this.value);\">\n                                <option value=\"one\">One-time donation<\/option>\n                                                                    <option value=\"month\" >Monthly<\/option>\n                                                                                                    <option value=\"quarter\" >Each quarter<\/option>\n                                                                                                    <option value=\"year\" >Annually<\/option>\n                                                            <\/select>\n                        <\/p>\n                    \n                                            <p>\n                            <label for=\"dmm_name\">Name<span style=\"color:red;\">*<\/span><\/label>\n                            <input type=\"text\"\n                                   id=\"dmm_name\"\n                                   name=\"dmm_name\"\n                                   class=\"doneren\"\n                                   value=\"\"\n                                   style=\"width: 100%\">\n                        <\/p>\n                    \n                    \n                                            <p>\n                            <label for=\"dmm_email\">Email address<span style=\"color:red;\">*<\/span><\/label>\n                            <input type=\"email\"\n                                   id=\"dmm_email\"\n                                   name=\"dmm_email\"\n                                   class=\"doneren\"\n                                   value=\"\"\n                                   style=\"width: 100%\">\n                        <\/p>\n                    \n                                            <p>\n                            <label for=\"dmm_phone\">Phone number<\/label>\n                            <input type=\"text\"\n                                   id=\"dmm_phone\"\n                                   name=\"dmm_phone\"\n                                   class=\"doneren\"\n                                   value=\"\"\n                                   style=\"width: 100%\">\n                        <\/p>\n                    \n                    \n                                            <p>\n                            <label for=\"dmm_project\">Project<\/label>\n                            <select style=\"width: 100%\" id=\"dmm_project\" name=\"dmm_project\" class=\"doneren\"><option>Aan het werk!\r<\/option><option>Een helpende hand<\/option><\/select>                        <\/p>\n                    \n                                            <p>\n                            <label for=\"dmm_message\">Message<\/label>\n                            <textarea id=\"dmm_message\"\n                                      name=\"dmm_message\"\n                                      class=\"doneren\"\n                                      rows=\"5\"\n                                      style=\"width: 100%\"><\/textarea>\n                        <\/p>\n                    \n                    <p>\n                        Currency<label for=\"dmm_currency\"><span style=\"color:red;\">*<\/span><\/label><select name=\"dmm_currency\" class=\"doneren\" id=\"dmm_currency\" onchange=\"dmm_multicurrency_methods(this.value);\" style=\"width: 100%;\"><option  value=\"AED\">AED<\/option><option  value=\"AUD\">AUD<\/option><option  value=\"BGN\">BGN<\/option><option  value=\"CAD\">CAD<\/option><option  value=\"CHF\">CHF<\/option><option  value=\"CZK\">CZK<\/option><option  value=\"DKK\">DKK<\/option><option selected value=\"EUR\">EUR (&euro;)<\/option><option  value=\"GBP\">GBP (&pound;)<\/option><option  value=\"HKD\">HKD<\/option><option  value=\"HRK\">HRK<\/option><option  value=\"HUF\">HUF<\/option><option  value=\"ILS\">ILS<\/option><option  value=\"ISK\">ISK<\/option><option  value=\"JPY\">JPY (&yen;)<\/option><option  value=\"NOK\">NOK<\/option><option  value=\"NZD\">NZD<\/option><option  value=\"PHP\">PHP<\/option><option  value=\"PLN\">PLN<\/option><option  value=\"RON\">RON<\/option><option  value=\"RUB\">RUB<\/option><option  value=\"SEK\">SEK<\/option><option  value=\"SGD\">SGD<\/option><option  value=\"USD\">USD (US$)<\/option><option  value=\"ZAR\">ZAR<\/option><\/select>Amount<label for=\"dmm_amount\"> (<span id=\"dmm_currency_symbol\"><\/span>) <span style=\"color:red;\">*<\/span><\/label><span style=\"display:block;overflow:auto;\">\n                                  <input type=\"number\" step=\"any\" min=\"1\" id=\"dmm_amount\" name=\"dmm_amount\" class=\"doneren\" value=\"10.00\" style=\"width: 100%;float:left;\"><\/span>                    <\/p> <br><br>\n\n                    <p>\n            <script>\n            function dmm_recurring_methods(value) {\n                var x = document.getElementsByClassName(\"dmm_recurring\");\n                var i;\n                for (i = 0; i < x.length; i++) {\n                    x[i].style.display = (value!=\"one\" ? \"none\" : \"block\");\n                    x[i].disabled = (value!=\"one\" ? \"disabled\" : \"\");\n                }\n                \n                var x = document.getElementsByClassName(\"dmm_dd\");\n                var i;\n                for (i = 0; i < x.length; i++) {\n                    x[i].style.display = value!=\"one\" ? \"none\" : \"block\";\n                    x[i].disabled = value!=\"one\" ? \"disabled\" : \"\";\n                }\n                document.getElementById(\"dmm_permission\").style.display = (value == \"one\" ? \"none\" : \"block\");\n            }\n            <\/script>\n        <script>\n        function dmm_multicurrency_methods(value) {\n            let dmm_currencies = {\"AED\":\"AED\",\"AUD\":\"AUD\",\"BGN\":\"BGN\",\"CAD\":\"CAD\",\"CHF\":\"CHF\",\"CZK\":\"CZK\",\"DKK\":\"DKK\",\"EUR\":\"&euro;\",\"GBP\":\"&pound;\",\"HKD\":\"HKD\",\"HRK\":\"HRK\",\"HUF\":\"HUF\",\"ILS\":\"ILS\",\"ISK\":\"ISK\",\"JPY\":\"&yen;\",\"NOK\":\"NOK\",\"NZD\":\"NZD\",\"PHP\":\"PHP\",\"PLN\":\"PLN\",\"RON\":\"RON\",\"RUB\":\"RUB\",\"SEK\":\"SEK\",\"SGD\":\"SGD\",\"USD\":\"US$\",\"ZAR\":\"ZAR\"};\n            document.getElementById(\"dmm_currency_symbol\").innerHTML = dmm_currencies[value];\n            \n            let x = document.getElementsByClassName(\"dmm_nomc\");\n            for (let i = 0; i < x.length; i++) {\n                x[i].style.display = (value!=\"EUR\" ? \"none\" : \"block\");\n                x[i].disabled = (value!=\"EUR\" ? \"disabled\" : \"\");\n            }\n        }\n        <\/script><label class=\"dmm_dd dmm_nomc\"><input type=\"radio\" name=\"dmm_method\" value=\"ideal\" checked> <img decoding=\"async\" style=\"vertical-align:middle;display:inline-block\" src=\"https:\/\/www.mollie.com\/external\/icons\/payment-methods\/ideal.png\"> iDEAL | Wero<br><\/label><label class=\"dmm_cc dmm_mc\"><input type=\"radio\" name=\"dmm_method\" value=\"creditcard\" > <img decoding=\"async\" style=\"vertical-align:middle;display:inline-block\" src=\"https:\/\/www.mollie.com\/external\/icons\/payment-methods\/creditcard.png\"> Card<br><\/label><\/p>\n\n                    <br><br>\n                    <script>\n                        window.onload = function () {\n                            var dmm_dd = document.getElementById('dmm_dd');\n                            if (dmm_dd !== null) {\n                                if (dmm_dd.value !== '--') {\n                                    document.getElementById('dmm_amount').value = document.getElementById('dmm_dd').value.replace(',', '.');\n                                    document.getElementById('dmm_amount').style.display = 'none';\n                                }\n                            }\n                                                        if (document.getElementById('dmm_interval').value !== 'one') {\n                                document.getElementById('dmm_permission').style.display = 'block';\n                            }\n                            dmm_recurring_methods(document.getElementById('dmm_interval').value);\n                                                        dmm_multicurrency_methods(document.getElementById('dmm_currency').value);\n                        }\n                    <\/script>\n                    <label for=\"dmm_permission_field\" id=\"dmm_permission\" style=\"display:none\">\n\t                    <input type=\"checkbox\" id=\"dmm_permission_field\" name=\"dmm_permission\">\n\t                    I hereby authorize Amigos Colombianos to collect the amount shown above from my account periodically.                    <\/label>\n\n                    \n                    \n\t                \t\t                <input type=\"hidden\" id=\"dmm_token\" name=\"dmm_token\" value=\"\">\n\t\t                <input type=\"hidden\" name=\"dmm_submitted\" value=\"1\">\n\t\t                <input type=\"button\" class=\"doneer1\"\n\t\t                       onclick=\"onSubmitDmm(event)\" data-action=\"submit\"\n\t\t                       value=\"Donate\">\n\t                \n                <\/form>\n                \n<p>[\/et_pb_text][\/et_pb_column][\/et_pb_row][et_pb_row][et_pb_column type=\u00bb4_4&#8243;][et_pb_text _builder_version=\u00bb3.0.89&#8243; background_layout=\u00bblight\u00bb]<\/p>\n<hr class=\"pagina-lijn\" \/>\n<p>[\/et_pb_text][\/et_pb_column][\/et_pb_row][et_pb_row background_position=\u00bbtop_left\u00bb background_repeat=\u00bbrepeat\u00bb background_size=\u00bbinitial\u00bb][et_pb_column type=\u00bb4_4&#8243;][et_pb_text admin_label=\u00bbnalatenschap\u00bb use_border_color=\u00bboff\u00bb border_color=\u00bb#ffffff\u00bb border_style=\u00bbsolid\u00bb text_font=\u00bbSpecial Elite||||\u00bb text_font_size=\u00bb25&#8243; header_font=\u00bbSpecial Elite||||\u00bb module_alignment=\u00bbleft\u00bb background_position=\u00bbtop_left\u00bb background_repeat=\u00bbrepeat\u00bb background_size=\u00bbinitial\u00bb _builder_version=\u00bb3.13.1&#8243; border_color_all=\u00bb#ffffff\u00bb]<\/p>\n<h1>Legado<\/h1>\n<p>[\/et_pb_text][et_pb_text use_border_color=\u00bboff\u00bb border_color=\u00bb#ffffff\u00bb border_style=\u00bbsolid\u00bb module_alignment=\u00bbleft\u00bb background_position=\u00bbtop_left\u00bb background_repeat=\u00bbrepeat\u00bb background_size=\u00bbinitial\u00bb _builder_version=\u00bb3.13.1&#8243; border_color_all=\u00bb#ffffff\u00bb]<\/p>\n<p>Muchas personas legan a la familia, pero tambi\u00e9n reservan parte de su herencia para la caridad. Para nosotros, como una fundaci\u00f3n que funciona al 100% en base de voluntarios, los legados son de gran importancia. A trav\u00e9s del notario, puede incluir f\u00e1cilmente a Amigos Colombianos en su testamento.<\/p>\n<p>\u00bfSab\u00eda Vd que no tenemos que pagar impuestos sobre herencias? Amigos Colombianos es una reconocida Organizaci\u00f3n de Beneficios Generales (ANBI). Por lo tanto, podemos tener el provecho m\u00e1ximo de Su regalo.<\/p>\n<p>Con su donaci\u00f3n, Usted hace una contribuci\u00f3n importante a nuestro objetivo: ofrecer apoyo integral temporal a mujeres j\u00f3venes desfavorecidas para construir una vida independiente. Si lo desea, tambi\u00e9n puede especificar destinos para Su donaci\u00f3n, por ejemplo, capacitaci\u00f3n o alojamiento.<\/p>\n<p>Le gustar\u00eda intercambiar ideas sobre esto?<\/p>\n<p>Por favor, p\u00f3ngase en contacto con <a href=\"mailto:penningmeester@amigoscolombianos.nl\" target=\"_blank\" rel=\"noopener noreferrer\">penningmeester@amigoscolombianos.nl<\/a><\/p>\n<p>[\/et_pb_text][\/et_pb_column][\/et_pb_row][\/et_pb_section][et_pb_section bb_built=\u00bb1&#8243; fullwidth=\u00bboff\u00bb specialty=\u00bboff\u00bb transparent_background=\u00bboff\u00bb allow_player_pause=\u00bboff\u00bb inner_shadow=\u00bboff\u00bb parallax=\u00bboff\u00bb parallax_method=\u00bboff\u00bb padding_mobile=\u00bboff\u00bb make_fullwidth=\u00bboff\u00bb use_custom_width=\u00bboff\u00bb width_unit=\u00bbon\u00bb make_equal=\u00bboff\u00bb use_custom_gutter=\u00bboff\u00bb module_class=\u00bbdemo-subscribe-section\u00bb background_color=\u00bb#ec7d30&#8243; custom_padding_tablet=\u00bb50px|0|50px|0&#8243; custom_padding_last_edited=\u00bbon|desktop\u00bb prev_background_color=\u00bb#ffffff\u00bb][et_pb_row background_position=\u00bbtop_left\u00bb background_repeat=\u00bbrepeat\u00bb background_size=\u00bbinitial\u00bb][et_pb_column type=\u00bb4_4&#8243;][et_pb_signup mailchimp_list=\u00bbDivi Builder MailChimp|d295b2ac2b\u00bb aweber_list=\u00bb|none\u00bb background_color=\u00bb#ec7d30&#8243; use_border_color=\u00bboff\u00bb body_font_size=\u00bb18&#8243; header_font_size=\u00bb18&#8243; body_font=\u00bbSpecial Elite||||\u00bb _builder_version=\u00bb3.13.1&#8243; button_text=\u00bbSubscribe to our newsletter\u00bb activecampaign_list=\u00bb|none\u00bb campaign_monitor_list=\u00bb|none\u00bb constant_contact_list=\u00bb|none\u00bb convertkit_list=\u00bb|none\u00bb emma_list=\u00bb|none\u00bb feedblitz_list=\u00bb|none\u00bb getresponse_list=\u00bb|none\u00bb hubspot_list=\u00bb|none\u00bb icontact_list=\u00bb|none\u00bb infusionsoft_list=\u00bb|none\u00bb madmimi_list=\u00bb|none\u00bb mailerlite_list=\u00bb|none\u00bb mailpoet_list=\u00bb|none\u00bb mailster_list=\u00bb|none\u00bb ontraport_list=\u00bb|none\u00bb salesforce_list=\u00bb|none\u00bb sendinblue_list=\u00bb|none\u00bb description=\u00bb Schrijf je in voor onze nieuwsbrief \u00bb \/][\/et_pb_column][\/et_pb_row][\/et_pb_section]<\/p>","protected":false},"excerpt":{"rendered":"<p>\u00a1Tu apoyo es vital! Alexandra (13) hab\u00eda vivido en las calles durante nueve meses cuando la polic\u00eda la cogi\u00f3 durante el uso de coca\u00edna. Mar\u00eda (15) fue primero maltratada por su familia y luego en las calles por sus \u00abamigos\u00bb. Gracias a una trayectoria de Amigos Colombianos,\u00a0 tienen nuevamente una visi\u00f3n alentadora de su futuro..De [&hellip;]<\/p>\n","protected":false},"author":1,"featured_media":0,"parent":246,"menu_order":0,"comment_status":"closed","ping_status":"closed","template":"","meta":{"_et_pb_use_builder":"on","_et_pb_old_content":"","_et_gb_content_width":"","jetpack_post_was_ever_published":false,"footnotes":""},"class_list":["post-723","page","type-page","status-publish","hentry"],"jetpack_sharing_enabled":true,"jetpack_shortlink":"https:\/\/wp.me\/P9LLEe-bF","_links":{"self":[{"href":"https:\/\/amigoscolombianos.nl\/es\/wp-json\/wp\/v2\/pages\/723","targetHints":{"allow":["GET"]}}],"collection":[{"href":"https:\/\/amigoscolombianos.nl\/es\/wp-json\/wp\/v2\/pages"}],"about":[{"href":"https:\/\/amigoscolombianos.nl\/es\/wp-json\/wp\/v2\/types\/page"}],"author":[{"embeddable":true,"href":"https:\/\/amigoscolombianos.nl\/es\/wp-json\/wp\/v2\/users\/1"}],"replies":[{"embeddable":true,"href":"https:\/\/amigoscolombianos.nl\/es\/wp-json\/wp\/v2\/comments?post=723"}],"version-history":[{"count":55,"href":"https:\/\/amigoscolombianos.nl\/es\/wp-json\/wp\/v2\/pages\/723\/revisions"}],"predecessor-version":[{"id":2455,"href":"https:\/\/amigoscolombianos.nl\/es\/wp-json\/wp\/v2\/pages\/723\/revisions\/2455"}],"up":[{"embeddable":true,"href":"https:\/\/amigoscolombianos.nl\/es\/wp-json\/wp\/v2\/pages\/246"}],"wp:attachment":[{"href":"https:\/\/amigoscolombianos.nl\/es\/wp-json\/wp\/v2\/media?parent=723"}],"curies":[{"name":"wp","href":"https:\/\/api.w.org\/{rel}","templated":true}]}}